{"id":3,"date":"2021-08-13T10:33:34","date_gmt":"2021-08-13T10:33:34","guid":{"rendered":"http:\/?page_id=3"},"modified":"2021-08-30T08:52:06","modified_gmt":"2021-08-30T08:52:06","slug":"privacy-policy","status":"publish","type":"page","link":"https:\/\/grecitour.gr\/?page_id=3","title":{"rendered":""},"content":{"rendered":"\n<h1 class=\"wp-block-heading\">Politique de confidentialit\u00e9 des donn\u00e9es \u00e0 caract\u00e8re personnel <\/h1>\n\n\n\n<p>Grecitour Holidays, receptif Sp\u00e9cialiste de la Grece, attache une grande importance \u00e0 la protection et confidentialit\u00e9 de la vie priv\u00e9e de ses clients et plus particuli\u00e8rement de leurs donn\u00e9es \u00e0 caract\u00e8re personnel. Dans ce cadre, notre Politique de confidentialit\u00e9 vous permettra de comprendre quelles donn\u00e9es \u00e0 caract\u00e8re personnel nous collectons et leur utilisation, ainsi que la fa\u00e7on dont vous pouvez prot\u00e9ger votre vie priv\u00e9e dans le cadre des services que nous fournissons.<\/p>\n\n\n\n<h2 class=\"wp-block-heading\">1. QUELLES DONNEES SONT COLLECTEES ?<\/h2>\n\n\n\n<p>Dans le cadre de la souscription aux services de GRECITOUR HOLIDAYS, receptif Sp\u00e9cialiste de la Grece et Chypre et pendant la fourniture de ces services,  GRECITOUR HOLIDAYS , receptif Sp\u00e9cialiste de la Grece et Chypre collecte les cat\u00e9gories de donn\u00e9es suivantes : i) Donn\u00e9es d\u2019identification : nom, pr\u00e9nom, adresse postale et courriel, num\u00e9ro de t\u00e9l\u00e9phone, num\u00e9ro client etc&#8230; ii) Donn\u00e9es de facturation et\/ou de paiement : coordonn\u00e9es bancaires, moyen de paiement, consommation etc&#8230; iii) Donn\u00e9es d\u2019usage : services souscrits, produits utilis\u00e9s, etc&#8230; iv) Donn\u00e9es de suivi de la relation client : demandes, assistance, correspondances, etc&#8230;<\/p>\n\n\n\n<h2 class=\"wp-block-heading\">2. QUELLE UTILISATION EST FAITE DE VOS DONNEES ?<\/h2>\n\n\n\n<p>L&#8217;utilisation de vos donn\u00e9es comprend la gestion de votre compte client et de la relation contractuelle, l\u2019installation, la maintenance, la fourniture et la gestion du service souscrit, la d\u00e9livrance d\u2019une assistance et le traitement de vos demandes, la facturation du service, la gestion des r\u00e9clamations et diff\u00e9rends et, accessoirement, les proc\u00e9dures de recouvrement, \u00e9galement par le biais de tiers.<\/p>\n\n\n\n<p>Ces donn\u00e9es sont conserv\u00e9es pendant le temps n\u00e9cessaire \u00e0 la gestion du contrat et\/ou pendant la dur\u00e9e l\u00e9gale. Sans ces donn\u00e9es,  GRECITOUR HOLIDAYS, ne pourrait pas ex\u00e9cuter les prestations pour lesquelles vous avez souscrit.  GRECITOUR HOLIDAYS,  pourra \u00e9galement utiliser vos donn\u00e9es lorsqu\u2019elle y a un int\u00e9r\u00eat l\u00e9gitime. Vos donn\u00e9es nous permettront ainsi d\u2019\u00e9valuer et am\u00e9liorer nos services et d\u2019en d\u00e9velopper de nouveaux, ainsi que pour r\u00e9aliser des actions de fid\u00e9lisation, de prospection, de sondage et de promotion. Sauf opposition de votre part, vous pourrez recevoir, par courrier postal et courriels, des offres de notre part uniquement. Enfin, vos donn\u00e9es pourront \u00e9galement \u00eatre utilis\u00e9es afin de garantir la s\u00e9curit\u00e9 du r\u00e9seau et de pr\u00e9venir d\u2019\u00e9ventuelles fraudes ou dans le cadre de fusions, ventes d\u2019actifs ou transferts de tout ou partie de son activit\u00e9, en transf\u00e9rant vos donn\u00e9es personnelles client \u00e0 la ou aux tierces parties impliqu\u00e9es dans la transaction dans le cadre de la transaction. Ces donn\u00e9es seront conserv\u00e9es pendant le temps n\u00e9cessaire \u00e0 la r\u00e9alisation de ces finalit\u00e9s et pour une dur\u00e9e maximale de trois ans \u00e0 compter de la fin de la relation contractuelle concernant la prospection directe.  GRECITOUR HOLIDAYS , pourra \u00e9galement utiliser vos donn\u00e9es afin de respecter ses obligations l\u00e9gales (incluant les lois anti-fraude, les lois sur le blanchiment d\u2019argent et les dispositions concernant le retard ou l\u2019absence de paiement par l\u2019abonn\u00e9) et\/ou pour r\u00e9pondre aux demandes des autorit\u00e9s publiques et gouvernementales.<\/p>\n\n\n\n<h2 class=\"wp-block-heading\">3. COMMENT GERER LA COLLECTE ET L\u2019UTILISATION DE VOS DONNEES ?<\/h2>\n\n\n\n<p>Vous pouvez \u00e0 tout moment acc\u00e9der \u00e0 vos donn\u00e9es, les rectifier, demander leur suppression, vous opposer \u00e0 un traitement pour des motifs l\u00e9gitimes en raison de votre situation particuli\u00e8re ou encore exercer votre droit \u00e0 la portabilit\u00e9 de vos donn\u00e9es, en adressant un courrier postal ou \u00e9lectronique et en justifiant de votre identit\u00e9 \u00e0 :  GRECITOUR HOLIDAYS  2, Rue Aghias Varvaras, 16674 Glyfada\/ Grecit@gr.forthnet.com.<\/p>\n\n\n\n<p>Les donn\u00e9es dont  GRECITOUR HOLIDAYS a besoin pour la finalit\u00e9 pour laquelle elles ont \u00e9t\u00e9 collect\u00e9es, n\u00e9cessaires au respect d\u2019une obligation l\u00e9gale et\/ou \u00e0 la constatation, \u00e0 l\u2019exercice ou \u00e0 la d\u00e9fense de droits en justice pourront cependant ne pas \u00eatre supprim\u00e9es. En nous contactant, vous pouvez \u00e9galement d\u00e9finir des directives relatives au sort de vos donn\u00e9es \u00e0 caract\u00e8re personnel apr\u00e8s votre d\u00e9c\u00e8s.<\/p>\n\n\n\n<h2 class=\"wp-block-heading\">4. COMMENT SONT PROTEGEES VOS DONNEES ?<\/h2>\n\n\n\n<p> GRECITOUR HOLIDAYS met en \u0153uvre les actions n\u00e9cessaires afin de prot\u00e9ger les donn\u00e9es personnelles qu\u2019elle traite. Vos donn\u00e9es sont trait\u00e9es de fa\u00e7on \u00e9lectronique et\/ou manuelle et en tout \u00e9tat de cause, de fa\u00e7on \u00e0 ce que leur s\u00e9curit\u00e9, protection et confidentialit\u00e9 soient assur\u00e9es au regard de leur niveau de sensibilit\u00e9, via des mesures administratives, techniques et physiques pour pr\u00e9venir la perte, le vol, l\u2019utilisation, la divulgation ou encore la modification non-autoris\u00e9es.<\/p>\n\n\n\n<h2 class=\"wp-block-heading\">5. QUI A ACCES A VOS DONNEES PERSONNELLES ?<\/h2>\n\n\n\n<p>Vos donn\u00e9es personnelles sont trait\u00e9es par  GRECITOUR HOLIDAYS et ses sous-traitants et partenaires, pour les besoins de la gestion du contrat et de l\u2019ex\u00e9cution des prestations que vous avez demand\u00e9es ou autoris\u00e9es. Vos donn\u00e9es peuvent \u00e9galement \u00eatre transf\u00e9r\u00e9es \u00e0 des prestataires de services tiers qui fournissent des services ou une assistance et des conseils \u00e0  GRECITOUR HOLIDAYS. Sur demande, elles peuvent \u00e9galement \u00eatre transf\u00e9r\u00e9es aux personnes et autorit\u00e9s dont le droit d\u2019acc\u00e8s aux donn\u00e9es \u00e0 caract\u00e8re personnel est reconnu par la loi, les r\u00e8glements ou les dispositions \u00e9manant d\u2019autorit\u00e9s habilit\u00e9es par la loi. Les sous-traitants et partenaires de  GRECITOUR HOLIDAYS peuvent \u00eatre situ\u00e9s en dehors de l\u2019Union Europ\u00e9enne. Lorsque ce sous-traitant ou partenaire se trouve dans un pays qui n\u2019a pas \u00e9t\u00e9 reconnu comme assurant un niveau de protection ad\u00e9quat,  GRECITOUR HOLIDAYS lui impose de se conformer \u00e0 ses exigences de s\u00e9curit\u00e9 et de confidentialit\u00e9 de vos donn\u00e9es personnelles et \u00e0 ne traiter vos donn\u00e9es qu\u2019aux fins qu\u2019elle a d\u00e9termin\u00e9es. De tels sous-traitants et partenaires auront pr\u00e9alablement sign\u00e9 les Clauses contractuelles types de la Commission Europ\u00e9enne.<\/p>\n\n\n\n<h2 class=\"wp-block-heading\">6. EVOLUTION DE LA POLITIQUE DE CONFIDENTIALITE<\/h2>\n\n\n\n<p>La pr\u00e9sente Politique de confidentialit\u00e9 peut \u00eatre amen\u00e9e \u00e0 \u00e9voluer, notamment en raison des \u00e9volutions l\u00e9gislatives et r\u00e9glementaires.<\/p>\n","protected":false},"excerpt":{"rendered":"<p>Politique de confidentialit\u00e9 des donn\u00e9es \u00e0 caract\u00e8re personnel Grecitour Holidays, receptif Sp\u00e9cialiste de la Grece, attache une grande importance \u00e0 la protection et confidentialit\u00e9 de la vie priv\u00e9e de ses clients et plus particuli\u00e8rement de leurs donn\u00e9es \u00e0 caract\u00e8re personnel. Dans ce cadre, notre Politique de confidentialit\u00e9 vous permettra de comprendre quelles donn\u00e9es \u00e0 caract\u00e8re &hellip;<\/p>\n<p class=\"read-more\"> <a class=\"\" href=\"https:\/\/grecitour.gr\/?page_id=3\">  Read More &raquo;<\/a><\/p>\n","protected":false},"author":1,"featured_media":0,"parent":0,"menu_order":0,"comment_status":"closed","ping_status":"open","template":"","meta":{"site-sidebar-layout":"default","site-content-layout":"default","ast-global-header-display":"","ast-main-header-display":"","ast-hfb-above-header-display":"","ast-hfb-below-header-display":"","ast-hfb-mobile-header-display":"","site-post-title":"","ast-breadcrumbs-content":"","ast-featured-img":"","footer-sml-layout":"","theme-transparent-header-meta":"default","adv-header-id-meta":"","stick-header-meta":"","header-above-stick-meta":"","header-main-stick-meta":"","header-below-stick-meta":"","footnotes":""},"class_list":["post-3","page","type-page","status-publish","hentry"],"_links":{"self":[{"href":"https:\/\/grecitour.gr\/index.php?rest_route=\/wp\/v2\/pages\/3","targetHints":{"allow":["GET"]}}],"collection":[{"href":"https:\/\/grecitour.gr\/index.php?rest_route=\/wp\/v2\/pages"}],"about":[{"href":"https:\/\/grecitour.gr\/index.php?rest_route=\/wp\/v2\/types\/page"}],"author":[{"embeddable":true,"href":"https:\/\/grecitour.gr\/index.php?rest_route=\/wp\/v2\/users\/1"}],"replies":[{"embeddable":true,"href":"https:\/\/grecitour.gr\/index.php?rest_route=%2Fwp%2Fv2%2Fcomments&post=3"}],"version-history":[{"count":1,"href":"https:\/\/grecitour.gr\/index.php?rest_route=\/wp\/v2\/pages\/3\/revisions"}],"predecessor-version":[{"id":630,"href":"https:\/\/grecitour.gr\/index.php?rest_route=\/wp\/v2\/pages\/3\/revisions\/630"}],"wp:attachment":[{"href":"https:\/\/grecitour.gr\/index.php?rest_route=%2Fwp%2Fv2%2Fmedia&parent=3"}],"curies":[{"name":"wp","href":"https:\/\/api.w.org\/{rel}","templated":true}]}}